{"id":5622,"date":"2011-09-06T21:59:49","date_gmt":"2011-09-06T20:59:49","guid":{"rendered":"http:\/\/www.ilmelanoma.com\/"},"modified":"2013-05-30T11:59:29","modified_gmt":"2013-05-30T11:59:29","slug":"melanoma-guidelines","status":"publish","type":"page","link":"https:\/\/www.ilmelanoma.com\/en\/melanoma-resources\/melanoma-guidelines\/","title":{"rendered":"Melanoma guidelines"},"content":{"rendered":"<div class=\"mceIEcenter\" style=\"font-weight: bold;\">\n<dl class=\"aligncenter\" id=\"attachment_4924\">\n<dt><a href=\"https:\/\/www.ilmelanoma.com\/wp-content\/uploads\/2010\/07\/melanoma-guidelines.jpg\"><img fetchpriority=\"high\" decoding=\"async\" title=\"melanoma-guidelines\" alt=\"Linee guida sul melanoma\" src=\"https:\/\/www.ilmelanoma.com\/wp-content\/uploads\/2010\/07\/melanoma-guidelines-300x253.jpg\" width=\"300\" height=\"253\" \/><\/a><\/dt>\n<dd style=\"text-align: center;\"><span style=\"color: #000080;\">Melanoma guidelines<\/span><\/dd>\n<\/dl>\n<\/div>\n<ul style=\"font-weight: bold;\">\n<li><a href=\"\/wp-content\/uploads\/2011\/01\/AAD-guidelines-of-care-for-primary-cutaneous-melanoma.pdf\" target=\"_blank\">AAD guidelines of care for primary cutaneous melanoma<\/a><\/li>\n<li><a href=\"https:\/\/www.asco.org\/ASCOv2\/Department%20Content\/Cancer%20Policy%20and%20Clinical%20Affairs\/Downloads\/Guideline%20Tools%20and%20Resources\/SNB%20Melanoma\/SNB%20in%20Melanoma%20Full%20Guideline%207.5.12.pdf\">ASCO guidelines on Sentinel Lymph Node Biopsy for Melanoma<\/a><\/li>\n<li><a href=\"\/wp-content\/uploads\/2011\/01\/Linee-guida-australiane-e-neozelandesi.pdf\" target=\"_blank\">Australian melanoma guidelines<\/a><\/li>\n<li><a href=\"https:\/\/www.jfootankleres.com\/content\/3\/1\/25\">Clinical guidelines for the recognition of melanoma of the foot and nail unit<\/a><\/li>\n<li><span class=\"Apple-style-span\" style=\"font-weight: normal;\"><strong><a title=\"guidelines melanoma\" href=\"https:\/\/ebooks.nzgg.org.nz\/melanoma_guideline\/#\/2\/\" target=\"_blank\">Clinical Practical Guidelines for The Management of Melanoma in Australia and New Zealand<\/a><\/strong><\/span><\/li>\n<li><span class=\"Apple-style-span\" style=\"font-weight: normal;\"><strong><a href=\"\/wp-content\/uploads\/2011\/01\/Linee-guida-dermatoscopia.pdf\" target=\"_blank\">Dermoscopy guidelines<\/a> (Chimenti, Argenziano)<\/strong><\/span><\/li>\n<li><span style=\"font-weight: normal;\"><strong><a href=\"https:\/\/emedicine.medscape.com\/article\/1130783-overview#aw2aab6b3\">Dermoscopy Guidelines (I. Stanganelli)<\/a><\/strong><\/span><\/li>\n<li><a href=\"https:\/\/www.has-sante.fr\/portail\/upload\/docs\/application\/pdf\/rapport_strategie_de_diagnostic_precoce_du_melanome.pdf\">Haute Autorit\u00e9 de Sant\u00e9: Strat\u00e9gie de diagnostic pr\u00e9coce du m\u00e9lanome<\/a><\/li>\n<li><a href=\"https:\/\/www.ilmelanoma.com\/wp-content\/uploads\/2010\/07\/Linee-Guida-Italiane-sul-Melanoma.pdf\">Linee Guida Italiane sul Melanoma<\/a><\/li>\n<li><a title=\"Italian melanoma guidelines\" href=\"https:\/\/www.agenas.it\/agenas_pdf\/linee_guida_melanoma_cutaneo.pdf\" target=\"_blank\"><span style=\"color: #0000ff;\">Italian Melanoma Guidelines Aegena<\/span><\/a><\/li>\n<li><a href=\"\/wp-content\/uploads\/2011\/01\/Melanoma-Guideline-del-European-Consensus-based-Interdisciplinary-Guideline.pdf\" target=\"_blank\">Melanoma Guidelines European Consensus-based Interdisciplinary Guideline<\/a><\/li>\n<li><a href=\"https:\/\/www.rutlandskin.com\/Melanoma%20guidelines%202008.pdf\" target=\"_blank\">Melanoma: treatment guidelines for patients<\/a><\/li>\n<li><a href=\"https:\/\/www.nccn.org\/professionals\/physician_gls\/f_guidelines.asp\">NCCN Clinical Practice Guidelines in Oncology (Melanoma update 2011):<\/a> free registration<\/li>\n<li><strong><a title=\"scottish melanoma guidelines\" href=\"https:\/\/www.sign.ac.uk\/pdf\/sign72.pdf\" target=\"_blank\">Scottish Intercollegiate Guidelines Network<\/a><\/strong><\/li>\n<li><a href=\"https:\/\/onlinelibrary.wiley.com\/doi\/10.1111\/j.1610-0387.2008.06711.x\/full\">Short German guidelines: Malignant melanoma<\/a><\/li>\n<li><a href=\"\/wp-content\/uploads\/2011\/01\/Revised-U.K.-guidelines-for-the-management-of-cutaneous-melanoma-2010-Marsden-2010-British-Journal-of-Dermatology-Wiley-Online-Library.pdf\" target=\"_blank\">U.K. guidelines for the management of cutaneous melanoma 2010 British Journal of Dermatology<\/a><\/li>\n<\/ul>\n","protected":false},"excerpt":{"rendered":"<p>Melanoma guidelines AAD guidelines of care for primary cutaneous melanoma ASCO guidelines on Sentinel Lymph Node Biopsy for Melanoma Australian melanoma guidelines Clinical guidelines for the recognition of melanoma of the foot and nail unit Clinical Practical Guidelines for The Management of Melanoma in Australia and New Zealand Dermoscopy guidelines (Chimenti, Argenziano) Dermoscopy Guidelines (I. [&hellip;]<\/p>\n","protected":false},"author":13,"featured_media":0,"parent":5532,"menu_order":2,"comment_status":"closed","ping_status":"closed","template":"","meta":{"footnotes":""},"class_list":["post-5622","page","type-page","status-publish","hentry"],"yoast_head":"<!-- This site is optimized with the Yoast SEO plugin v26.1 - https:\/\/yoast.com\/wordpress\/plugins\/seo\/ -->\n<title>Melanoma guidelines<\/title>\n<meta name=\"description\" content=\"Guidelines on melanoma and dermascopy, melanoma guidelines\" \/>\n<meta name=\"robots\" content=\"index, follow, max-snippet:-1, max-image-preview:large, max-video-preview:-1\" \/>\n<link rel=\"canonical\" href=\"https:\/\/www.ilmelanoma.com\/en\/melanoma-resources\/melanoma-guidelines\/\" \/>\n<meta name=\"twitter:label1\" content=\"Est. reading time\" \/>\n\t<meta name=\"twitter:data1\" content=\"1 minute\" \/>\n<script type=\"application\/ld+json\" class=\"yoast-schema-graph\">{\"@context\":\"https:\/\/schema.org\",\"@graph\":[{\"@type\":\"WebPage\",\"@id\":\"https:\/\/www.ilmelanoma.com\/en\/melanoma-resources\/melanoma-guidelines\/\",\"url\":\"https:\/\/www.ilmelanoma.com\/en\/melanoma-resources\/melanoma-guidelines\/\",\"name\":\"Melanoma guidelines\",\"isPartOf\":{\"@id\":\"https:\/\/www.ilmelanoma.com\/en\/#website\"},\"primaryImageOfPage\":{\"@id\":\"https:\/\/www.ilmelanoma.com\/en\/melanoma-resources\/melanoma-guidelines\/#primaryimage\"},\"image\":{\"@id\":\"https:\/\/www.ilmelanoma.com\/en\/melanoma-resources\/melanoma-guidelines\/#primaryimage\"},\"thumbnailUrl\":\"https:\/\/www.ilmelanoma.com\/wp-content\/uploads\/2010\/07\/melanoma-guidelines-300x253.jpg\",\"datePublished\":\"2011-09-06T20:59:49+00:00\",\"dateModified\":\"2013-05-30T11:59:29+00:00\",\"description\":\"Guidelines on melanoma and dermascopy, melanoma guidelines\",\"breadcrumb\":{\"@id\":\"https:\/\/www.ilmelanoma.com\/en\/melanoma-resources\/melanoma-guidelines\/#breadcrumb\"},\"inLanguage\":\"en-US\",\"potentialAction\":[{\"@type\":\"ReadAction\",\"target\":[\"https:\/\/www.ilmelanoma.com\/en\/melanoma-resources\/melanoma-guidelines\/\"]}]},{\"@type\":\"ImageObject\",\"inLanguage\":\"en-US\",\"@id\":\"https:\/\/www.ilmelanoma.com\/en\/melanoma-resources\/melanoma-guidelines\/#primaryimage\",\"url\":\"https:\/\/www.ilmelanoma.com\/wp-content\/uploads\/2010\/07\/melanoma-guidelines-300x253.jpg\",\"contentUrl\":\"https:\/\/www.ilmelanoma.com\/wp-content\/uploads\/2010\/07\/melanoma-guidelines-300x253.jpg\"},{\"@type\":\"BreadcrumbList\",\"@id\":\"https:\/\/www.ilmelanoma.com\/en\/melanoma-resources\/melanoma-guidelines\/#breadcrumb\",\"itemListElement\":[{\"@type\":\"ListItem\",\"position\":1,\"name\":\"Melanoma resources\",\"item\":\"https:\/\/www.ilmelanoma.com\/en\/melanoma-resources\/\"},{\"@type\":\"ListItem\",\"position\":2,\"name\":\"Melanoma guidelines\"}]},{\"@type\":\"WebSite\",\"@id\":\"https:\/\/www.ilmelanoma.com\/en\/#website\",\"url\":\"https:\/\/www.ilmelanoma.com\/en\/\",\"name\":\"Il Melanoma\",\"description\":\"la guida alla conoscenza, prevenzione e cura del melanoma\",\"publisher\":{\"@id\":\"https:\/\/www.ilmelanoma.com\/en\/#organization\"},\"potentialAction\":[{\"@type\":\"SearchAction\",\"target\":{\"@type\":\"EntryPoint\",\"urlTemplate\":\"https:\/\/www.ilmelanoma.com\/en\/?s={search_term_string}\"},\"query-input\":{\"@type\":\"PropertyValueSpecification\",\"valueRequired\":true,\"valueName\":\"search_term_string\"}}],\"inLanguage\":\"en-US\"},{\"@type\":\"Organization\",\"@id\":\"https:\/\/www.ilmelanoma.com\/en\/#organization\",\"name\":\"Il Melanoma\",\"url\":\"https:\/\/www.ilmelanoma.com\/en\/\",\"logo\":{\"@type\":\"ImageObject\",\"inLanguage\":\"en-US\",\"@id\":\"https:\/\/www.ilmelanoma.com\/en\/#\/schema\/logo\/image\/\",\"url\":\"https:\/\/www.ilmelanoma.com\/wp-content\/uploads\/2023\/06\/logo-melanoma-azzurro.png\",\"contentUrl\":\"https:\/\/www.ilmelanoma.com\/wp-content\/uploads\/2023\/06\/logo-melanoma-azzurro.png\",\"width\":300,\"height\":29,\"caption\":\"Il Melanoma\"},\"image\":{\"@id\":\"https:\/\/www.ilmelanoma.com\/en\/#\/schema\/logo\/image\/\"}}]}<\/script>\n<!-- \/ Yoast SEO plugin. -->","yoast_head_json":{"title":"Melanoma guidelines","description":"Guidelines on melanoma and dermascopy, melanoma guidelines","robots":{"index":"index","follow":"follow","max-snippet":"max-snippet:-1","max-image-preview":"max-image-preview:large","max-video-preview":"max-video-preview:-1"},"canonical":"https:\/\/www.ilmelanoma.com\/en\/melanoma-resources\/melanoma-guidelines\/","twitter_misc":{"Est. reading time":"1 minute"},"schema":{"@context":"https:\/\/schema.org","@graph":[{"@type":"WebPage","@id":"https:\/\/www.ilmelanoma.com\/en\/melanoma-resources\/melanoma-guidelines\/","url":"https:\/\/www.ilmelanoma.com\/en\/melanoma-resources\/melanoma-guidelines\/","name":"Melanoma guidelines","isPartOf":{"@id":"https:\/\/www.ilmelanoma.com\/en\/#website"},"primaryImageOfPage":{"@id":"https:\/\/www.ilmelanoma.com\/en\/melanoma-resources\/melanoma-guidelines\/#primaryimage"},"image":{"@id":"https:\/\/www.ilmelanoma.com\/en\/melanoma-resources\/melanoma-guidelines\/#primaryimage"},"thumbnailUrl":"https:\/\/www.ilmelanoma.com\/wp-content\/uploads\/2010\/07\/melanoma-guidelines-300x253.jpg","datePublished":"2011-09-06T20:59:49+00:00","dateModified":"2013-05-30T11:59:29+00:00","description":"Guidelines on melanoma and dermascopy, melanoma guidelines","breadcrumb":{"@id":"https:\/\/www.ilmelanoma.com\/en\/melanoma-resources\/melanoma-guidelines\/#breadcrumb"},"inLanguage":"en-US","potentialAction":[{"@type":"ReadAction","target":["https:\/\/www.ilmelanoma.com\/en\/melanoma-resources\/melanoma-guidelines\/"]}]},{"@type":"ImageObject","inLanguage":"en-US","@id":"https:\/\/www.ilmelanoma.com\/en\/melanoma-resources\/melanoma-guidelines\/#primaryimage","url":"https:\/\/www.ilmelanoma.com\/wp-content\/uploads\/2010\/07\/melanoma-guidelines-300x253.jpg","contentUrl":"https:\/\/www.ilmelanoma.com\/wp-content\/uploads\/2010\/07\/melanoma-guidelines-300x253.jpg"},{"@type":"BreadcrumbList","@id":"https:\/\/www.ilmelanoma.com\/en\/melanoma-resources\/melanoma-guidelines\/#breadcrumb","itemListElement":[{"@type":"ListItem","position":1,"name":"Melanoma resources","item":"https:\/\/www.ilmelanoma.com\/en\/melanoma-resources\/"},{"@type":"ListItem","position":2,"name":"Melanoma guidelines"}]},{"@type":"WebSite","@id":"https:\/\/www.ilmelanoma.com\/en\/#website","url":"https:\/\/www.ilmelanoma.com\/en\/","name":"Il Melanoma","description":"la guida alla conoscenza, prevenzione e cura del melanoma","publisher":{"@id":"https:\/\/www.ilmelanoma.com\/en\/#organization"},"potentialAction":[{"@type":"SearchAction","target":{"@type":"EntryPoint","urlTemplate":"https:\/\/www.ilmelanoma.com\/en\/?s={search_term_string}"},"query-input":{"@type":"PropertyValueSpecification","valueRequired":true,"valueName":"search_term_string"}}],"inLanguage":"en-US"},{"@type":"Organization","@id":"https:\/\/www.ilmelanoma.com\/en\/#organization","name":"Il Melanoma","url":"https:\/\/www.ilmelanoma.com\/en\/","logo":{"@type":"ImageObject","inLanguage":"en-US","@id":"https:\/\/www.ilmelanoma.com\/en\/#\/schema\/logo\/image\/","url":"https:\/\/www.ilmelanoma.com\/wp-content\/uploads\/2023\/06\/logo-melanoma-azzurro.png","contentUrl":"https:\/\/www.ilmelanoma.com\/wp-content\/uploads\/2023\/06\/logo-melanoma-azzurro.png","width":300,"height":29,"caption":"Il Melanoma"},"image":{"@id":"https:\/\/www.ilmelanoma.com\/en\/#\/schema\/logo\/image\/"}}]}},"_links":{"self":[{"href":"https:\/\/www.ilmelanoma.com\/en\/wp-json\/wp\/v2\/pages\/5622","targetHints":{"allow":["GET"]}}],"collection":[{"href":"https:\/\/www.ilmelanoma.com\/en\/wp-json\/wp\/v2\/pages"}],"about":[{"href":"https:\/\/www.ilmelanoma.com\/en\/wp-json\/wp\/v2\/types\/page"}],"author":[{"embeddable":true,"href":"https:\/\/www.ilmelanoma.com\/en\/wp-json\/wp\/v2\/users\/13"}],"replies":[{"embeddable":true,"href":"https:\/\/www.ilmelanoma.com\/en\/wp-json\/wp\/v2\/comments?post=5622"}],"version-history":[{"count":2,"href":"https:\/\/www.ilmelanoma.com\/en\/wp-json\/wp\/v2\/pages\/5622\/revisions"}],"predecessor-version":[{"id":8318,"href":"https:\/\/www.ilmelanoma.com\/en\/wp-json\/wp\/v2\/pages\/5622\/revisions\/8318"}],"up":[{"embeddable":true,"href":"https:\/\/www.ilmelanoma.com\/en\/wp-json\/wp\/v2\/pages\/5532"}],"wp:attachment":[{"href":"https:\/\/www.ilmelanoma.com\/en\/wp-json\/wp\/v2\/media?parent=5622"}],"curies":[{"name":"wp","href":"https:\/\/api.w.org\/{rel}","templated":true}]}}